{"id":117,"date":"2016-09-12T09:48:02","date_gmt":"2016-09-12T07:48:02","guid":{"rendered":"http:\/www.informatik.uni-bremen.de\/viola\/?page_id=117"},"modified":"2016-09-22T12:04:38","modified_gmt":"2016-09-22T10:04:38","slug":"abschlussarbeiten","status":"publish","type":"page","link":"https:\/\/www.informatik.uni-bremen.de\/viola\/lehre\/abschlussarbeiten\/","title":{"rendered":"Abschlussarbeiten"},"content":{"rendered":"<p><\/p>\n<p style=\"text-align: center;\">Du kannst selber entscheiden ob du deine\u00a0Arbeit in Deutsch oder Englisch verfassen willst. Die Themen werden entsprechend dem angestrebtem Abschluss angepasst &#8211; Bachelor oder Master. Wenn du dich f\u00fcr eines der <a href=\"http:\/www.informatik.uni-bremen.de\/viola\/lehre\/abschlussarbeiten\/themen-fuer-abschlussarbeiten\/\">angebotenen\u00a0Themen<\/a> interessiert (oder ein anderes Thema vorschlagen m\u00f6chtest), kontaktiere mich und wir k\u00f6nnen ein Termin ansetzen um Fragen und Erwartungen zu besprechen. F\u00fcr die meisten der angebotenen\u00a0Arbeiten gibt es Beschreibungen. Diese verschicke ich auf Anfrage.<\/p>\n<p><\/p>","protected":false},"excerpt":{"rendered":"<p>Du kannst selber entscheiden ob du deine\u00a0Arbeit in Deutsch oder Englisch verfassen willst. Die Themen werden entsprechend dem angestrebtem Abschluss angepasst &#8211; Bachelor oder Master. Wenn du dich f\u00fcr eines der angebotenen\u00a0Themen interessiert (oder ein anderes Thema vorschlagen m\u00f6chtest), kontaktiere mich und wir k\u00f6nnen ein Termin ansetzen um Fragen und Erwartungen zu besprechen. F\u00fcr die [&hellip;]<\/p>\n","protected":false},"author":1,"featured_media":0,"parent":12,"menu_order":0,"comment_status":"closed","ping_status":"closed","template":"","meta":[],"_links":{"self":[{"href":"https:\/\/www.informatik.uni-bremen.de\/viola\/wp-json\/wp\/v2\/pages\/117"}],"collection":[{"href":"https:\/\/www.informatik.uni-bremen.de\/viola\/wp-json\/wp\/v2\/pages"}],"about":[{"href":"https:\/\/www.informatik.uni-bremen.de\/viola\/wp-json\/wp\/v2\/types\/page"}],"author":[{"embeddable":true,"href":"https:\/\/www.informatik.uni-bremen.de\/viola\/wp-json\/wp\/v2\/users\/1"}],"replies":[{"embeddable":true,"href":"https:\/\/www.informatik.uni-bremen.de\/viola\/wp-json\/wp\/v2\/comments?post=117"}],"version-history":[{"count":3,"href":"https:\/\/www.informatik.uni-bremen.de\/viola\/wp-json\/wp\/v2\/pages\/117\/revisions"}],"predecessor-version":[{"id":255,"href":"https:\/\/www.informatik.uni-bremen.de\/viola\/wp-json\/wp\/v2\/pages\/117\/revisions\/255"}],"up":[{"embeddable":true,"href":"https:\/\/www.informatik.uni-bremen.de\/viola\/wp-json\/wp\/v2\/pages\/12"}],"wp:attachment":[{"href":"https:\/\/www.informatik.uni-bremen.de\/viola\/wp-json\/wp\/v2\/media?parent=117"}],"curies":[{"name":"wp","href":"https:\/\/api.w.org\/{rel}","templated":true}]}}